{"id":65,"date":"2025-02-15T14:33:34","date_gmt":"2025-02-15T14:33:34","guid":{"rendered":"https:\/\/opgbandic.hr\/?page_id=65"},"modified":"2025-02-17T10:30:22","modified_gmt":"2025-02-17T10:30:22","slug":"kontakt","status":"publish","type":"page","link":"https:\/\/opgbandic.hr\/index.php\/kontakt\/","title":{"rendered":"Kontakt"},"content":{"rendered":"\n<div class=\"section-wrapper\" data-id=\"E4wOr8\"><section class=\"wp-block-gutenverse-section guten-element guten-section guten-E4wOr8 layout-boxed align-stretch\"><div class=\"guten-container guten-column-gap-default\">\n<div class=\"wp-block-gutenverse-column guten-element guten-column guten-pGrmer\"><div class=\"guten-column-wrapper\" data-id=\"pGrmer\">\n<div class=\"guten-element gutenverse-maps guten-efu626\"><iframe frameborder=\"0\" scrolling=\"no\" marginheight=\"0\" marginwidth=\"0\" src=\"https:\/\/maps.google.com\/maps?q=Jurjevac%2036a&amp;z=13&amp;t=m&amp;output=embed&amp;iwloc=near\" title=\"Jurjevac 36a\"><\/iframe><\/div>\n<\/div><\/div>\n\n\n\n<div class=\"wp-block-gutenverse-column guten-element guten-column guten-5QrYTg\"><div class=\"guten-column-wrapper\" data-id=\"5QrYTg\">\n<div class=\"guten-element guten-oSAmc1 guten-icon-box icon-position-undefined\"><div class=\"guten-icon-box-wrapper hover-from-left\"><div class=\"icon-box icon-box-header\"><div class=\"icon style-color\"><i class=\"gtn gtn-contact-light\"><\/i><\/div><\/div><div class=\"icon-box icon-box-body\"><h2 class=\"title\">OPG Bandi\u0107<\/h2><p class=\"icon-box-description\">vl. Marko Bandi\u0107<br>Jurjevac 36 a, Bre\u017eane Lekeni\u010dke<br>(+385) 99 8391 080<br><a href=\"mailto:opgbandic@gmail.com\" target=\"_blank\" rel=\"noreferrer noopener\">opgbandic@gmail.com<\/a><\/p><\/div><\/div><\/div>\n<\/div><\/div>\n<\/div><\/section><\/div>\n","protected":false},"excerpt":{"rendered":"","protected":false},"author":1,"featured_media":0,"parent":0,"menu_order":0,"comment_status":"closed","ping_status":"closed","template":"","meta":{"footnotes":""},"class_list":["post-65","page","type-page","status-publish","hentry"],"_links":{"self":[{"href":"https:\/\/opgbandic.hr\/index.php\/wp-json\/wp\/v2\/pages\/65","targetHints":{"allow":["GET"]}}],"collection":[{"href":"https:\/\/opgbandic.hr\/index.php\/wp-json\/wp\/v2\/pages"}],"about":[{"href":"https:\/\/opgbandic.hr\/index.php\/wp-json\/wp\/v2\/types\/page"}],"author":[{"embeddable":true,"href":"https:\/\/opgbandic.hr\/index.php\/wp-json\/wp\/v2\/users\/1"}],"replies":[{"embeddable":true,"href":"https:\/\/opgbandic.hr\/index.php\/wp-json\/wp\/v2\/comments?post=65"}],"version-history":[{"count":3,"href":"https:\/\/opgbandic.hr\/index.php\/wp-json\/wp\/v2\/pages\/65\/revisions"}],"predecessor-version":[{"id":97,"href":"https:\/\/opgbandic.hr\/index.php\/wp-json\/wp\/v2\/pages\/65\/revisions\/97"}],"wp:attachment":[{"href":"https:\/\/opgbandic.hr\/index.php\/wp-json\/wp\/v2\/media?parent=65"}],"curies":[{"name":"wp","href":"https:\/\/api.w.org\/{rel}","templated":true}]}}